
	
	                                                                                                            
                        {"id":13236,"date":"2023-08-20T06:40:56","date_gmt":"2023-08-20T06:40:56","guid":{"rendered":"https:\/\/qoffood.com\/credibilidad-y-certificados\/"},"modified":"2025-05-05T16:12:33","modified_gmt":"2025-05-05T16:12:33","slug":"credibilidad-y-certificados","status":"publish","type":"page","link":"https:\/\/qoffood.com\/es\/credibilidad-y-certificados\/","title":{"rendered":"Credibilidad y certificados"},"content":{"rendered":"<figure class=\"wp-block-gallery has-nested-images columns-4 is-cropped wp-block-gallery-1 is-layout-flex wp-block-gallery-is-layout-flex\">\r\n\r\n\r\n\r\n\r\n\r\n<\/figure><p class=\"has-text-align-center\">Queen of Food se complace en anunciar que contamos con todos los certificados ISO requeridos y hemos pasado por pruebas de calidad en cada exportaci\u00f3n.<\/p><p class=\"has-text-align-center\"><strong>Todos los tipos de azafr\u00e1n que ofrecemos tienen los siguientes est\u00e1ndares:<\/strong><br \/>1. Crocina (poder de tinci\u00f3n) alrededor de 240<br \/>2. Safranal (gusto y olfato) unos 60<br \/>3. Picrocrocina (amargura) alrededor de 95<br \/>4. Humedad inferior al 6%<\/p><h2 class=\"wp-block-heading\">Nuestros valores fundamentales<\/h2><ol class=\"wp-block-list\"><li>Satisfacci\u00f3n del cliente: Priorizamos a nuestros clientes y sus necesidades, esforz\u00e1ndonos por brindar productos y servicio al cliente excepcionales para que su experiencia con Queen of Flowers\u00ae sea inolvidable.<\/li>\r\n\r\n<li>Innovaci\u00f3n: Creemos en la mejora continua de las condiciones de nuestros envases para mantenernos a la vanguardia en la industria alimentaria, proporcionando a nuestros clientes envases avanzados y eficaces.<\/li>\r\n\r\n<li>Accesibilidad: Nos comprometemos a ofrecer productos a precios competitivos sin comprometer la calidad, haciendo que esta rara especia sea accesible para todos.<\/li>\r\n\r\n<li>Comunidad: Valoramos las conexiones que creamos con nuestros clientes y socios, fomentando una comunidad de apoyo enfocada en brindar la mejor calidad de azafr\u00e1n.<\/li><\/ol><p>&nbsp;<\/p><p>&nbsp;<\/p>","protected":false},"excerpt":{"rendered":"<p>Queen of Food se complace en anunciar que contamos con todos los certificados ISO requeridos y hemos pasado por pruebas de calidad en cada exportaci\u00f3n. Todos los tipos de azafr\u00e1n que ofrecemos tienen los siguientes est\u00e1ndares:1. Crocina (poder de tinci\u00f3n) alrededor de 2402. Safranal (gusto y olfato) unos 603. Picrocrocina (amargura) alrededor de 954. Humedad [&hellip;]<\/p>\n","protected":false},"author":1,"featured_media":0,"parent":0,"menu_order":0,"comment_status":"closed","ping_status":"closed","template":"","meta":{"_acf_changed":false,"_helpful_pro_status":1,"footnotes":""},"class_list":["post-13236","page","type-page","status-publish","hentry"],"acf":[],"_links":{"self":[{"href":"https:\/\/qoffood.com\/es\/wp-json\/wp\/v2\/pages\/13236","targetHints":{"allow":["GET"]}}],"collection":[{"href":"https:\/\/qoffood.com\/es\/wp-json\/wp\/v2\/pages"}],"about":[{"href":"https:\/\/qoffood.com\/es\/wp-json\/wp\/v2\/types\/page"}],"author":[{"embeddable":true,"href":"https:\/\/qoffood.com\/es\/wp-json\/wp\/v2\/users\/1"}],"replies":[{"embeddable":true,"href":"https:\/\/qoffood.com\/es\/wp-json\/wp\/v2\/comments?post=13236"}],"version-history":[{"count":0,"href":"https:\/\/qoffood.com\/es\/wp-json\/wp\/v2\/pages\/13236\/revisions"}],"wp:attachment":[{"href":"https:\/\/qoffood.com\/es\/wp-json\/wp\/v2\/media?parent=13236"}],"curies":[{"name":"wp","href":"https:\/\/api.w.org\/{rel}","templated":true}]}}